{"id":1457,"date":"2017-10-18T16:26:36","date_gmt":"2017-10-18T14:26:36","guid":{"rendered":"https:\/\/www.geltinternational.it\/?page_id=1457"},"modified":"2020-04-22T18:06:39","modified_gmt":"2020-04-22T16:06:39","slug":"governance","status":"publish","type":"page","link":"https:\/\/www.geltinternational.it\/index.php\/governance\/","title":{"rendered":"Governance"},"content":{"rendered":"<p><strong>VISION<\/strong><\/p>\n<p>Siamo il segreto del successo dei nostri clienti.<\/p>\n<p><strong>MISSION<\/strong><\/p>\n<p>Siamo una societ\u00e0 che fornisce consulenza scientifica e supporto analitico specializzato ad aziende internazionali che operano su diversi mercati. LA nostra mission \u00e8 supportare i nostri clienti nello sviluppo produzione e distribuzione di prodotti innovativi, sicuri e responsabili.<\/p>\n<p>Crediamo nella forza della pluralit\u00e0 e della diversit\u00e0 del nostro gruppo.<\/p>\n<p>Crediamo nella rotondit\u00e0 del tavolo dove le nostre menti possono insieme smussare gli angoli dei problemi che rallentano la crescita economica sostenibile dei nostri clienti, della nostra azienda e non da ultimo delle nostre famiglie.<\/p>\n<p>Lavoriamo senza mai dimenticare l\u2019importanza della salute e del benessere dei nostri colleghi, dei dipendenti dei nostri clienti, ma anche di tutti coloro che interagiranno con i prodotti e sevizi di cui ci occupiamo.<\/p>\n<p>Con umilt\u00e0 cerchiamo ogni giorno di imparare dalle nostre esperienze, alimentando la nostra capacit\u00e0 innovativa ed integrit\u00e0 professionale, condividendole con convivialit\u00e0 ed allegria.<\/p>\n<p><strong>I NOSTRI VALORI<\/strong><\/p>\n<ul>\n<li>Il RISPETTO reciproco<\/li>\n<li>L\u2019UMILT\u00c0 di sapere di non sapere tutto (<em>docta ignorantia<\/em>)<\/li>\n<li>La CURIOSIT\u00c0 di osservare ci\u00f2 in cui ci imbattiamo<\/li>\n<li>Il CORAGGIO di commettere errori in quanto esseri umani<\/li>\n<li>L\u2019EMPATIA come strumento interrelazionale<\/li>\n<li>Il SORRISO come espressione della nostra realizzazione<\/li>\n<\/ul>\n","protected":false},"excerpt":{"rendered":"<p>VISION Siamo il segreto del successo dei nostri clienti. MISSION Siamo una societ\u00e0 che fornisce consulenza scientifica e supporto analitico specializzato ad aziende internazionali che operano su diversi mercati. LA nostra mission \u00e8 supportare i nostri clienti nello sviluppo produzione e distribuzione di prodotti innovativi, sicuri e responsabili. Crediamo nella forza della pluralit\u00e0 e della&hellip;<\/p>\n","protected":false},"author":1,"featured_media":0,"parent":0,"menu_order":0,"comment_status":"closed","ping_status":"closed","template":"","meta":{"inline_featured_image":false,"footnotes":""},"yoast_head":"<!-- This site is optimized with the Yoast SEO plugin v21.5 - https:\/\/yoast.com\/wordpress\/plugins\/seo\/ -->\n<title>Governance | Gelt International<\/title>\n<meta name=\"robots\" content=\"index, follow, max-snippet:-1, max-image-preview:large, max-video-preview:-1\" \/>\n<link rel=\"canonical\" href=\"https:\/\/www.geltinternational.it\/index.php\/governance\/\" \/>\n<meta property=\"og:locale\" content=\"it_IT\" \/>\n<meta property=\"og:type\" content=\"article\" \/>\n<meta property=\"og:title\" content=\"Governance | Gelt International\" \/>\n<meta property=\"og:description\" content=\"VISION Siamo il segreto del successo dei nostri clienti. MISSION Siamo una societ\u00e0 che fornisce consulenza scientifica e supporto analitico specializzato ad aziende internazionali che operano su diversi mercati. LA nostra mission \u00e8 supportare i nostri clienti nello sviluppo produzione e distribuzione di prodotti innovativi, sicuri e responsabili. Crediamo nella forza della pluralit\u00e0 e della&hellip;\" \/>\n<meta property=\"og:url\" content=\"https:\/\/www.geltinternational.it\/index.php\/governance\/\" \/>\n<meta property=\"og:site_name\" content=\"Gelt International\" \/>\n<meta property=\"article:modified_time\" content=\"2020-04-22T16:06:39+00:00\" \/>\n<meta name=\"twitter:card\" content=\"summary_large_image\" \/>\n<meta name=\"twitter:label1\" content=\"Tempo di lettura stimato\" \/>\n\t<meta name=\"twitter:data1\" content=\"1 minuto\" \/>\n<script type=\"application\/ld+json\" class=\"yoast-schema-graph\">{\"@context\":\"https:\/\/schema.org\",\"@graph\":[{\"@type\":\"WebPage\",\"@id\":\"https:\/\/www.geltinternational.it\/index.php\/governance\/\",\"url\":\"https:\/\/www.geltinternational.it\/index.php\/governance\/\",\"name\":\"Governance | Gelt International\",\"isPartOf\":{\"@id\":\"https:\/\/www.geltinternational.it\/#website\"},\"datePublished\":\"2017-10-18T14:26:36+00:00\",\"dateModified\":\"2020-04-22T16:06:39+00:00\",\"breadcrumb\":{\"@id\":\"https:\/\/www.geltinternational.it\/index.php\/governance\/#breadcrumb\"},\"inLanguage\":\"it-IT\",\"potentialAction\":[{\"@type\":\"ReadAction\",\"target\":[\"https:\/\/www.geltinternational.it\/index.php\/governance\/\"]}]},{\"@type\":\"BreadcrumbList\",\"@id\":\"https:\/\/www.geltinternational.it\/index.php\/governance\/#breadcrumb\",\"itemListElement\":[{\"@type\":\"ListItem\",\"position\":1,\"name\":\"Home\",\"item\":\"https:\/\/www.geltinternational.it\/\"},{\"@type\":\"ListItem\",\"position\":2,\"name\":\"Governance\"}]},{\"@type\":\"WebSite\",\"@id\":\"https:\/\/www.geltinternational.it\/#website\",\"url\":\"https:\/\/www.geltinternational.it\/\",\"name\":\"Gelt International\",\"description\":\"Scientific Consulting\",\"publisher\":{\"@id\":\"https:\/\/www.geltinternational.it\/#organization\"},\"potentialAction\":[{\"@type\":\"SearchAction\",\"target\":{\"@type\":\"EntryPoint\",\"urlTemplate\":\"https:\/\/www.geltinternational.it\/?s={search_term_string}\"},\"query-input\":\"required name=search_term_string\"}],\"inLanguage\":\"it-IT\"},{\"@type\":\"Organization\",\"@id\":\"https:\/\/www.geltinternational.it\/#organization\",\"name\":\"Gelt International srl\",\"url\":\"https:\/\/www.geltinternational.it\/\",\"logo\":{\"@type\":\"ImageObject\",\"inLanguage\":\"it-IT\",\"@id\":\"https:\/\/www.geltinternational.it\/#\/schema\/logo\/image\/\",\"url\":\"https:\/\/www.geltinternational.it\/wp-content\/uploads\/2017\/10\/logo_gelt.jpg\",\"contentUrl\":\"https:\/\/www.geltinternational.it\/wp-content\/uploads\/2017\/10\/logo_gelt.jpg\",\"width\":600,\"height\":84,\"caption\":\"Gelt International srl\"},\"image\":{\"@id\":\"https:\/\/www.geltinternational.it\/#\/schema\/logo\/image\/\"},\"sameAs\":[\"https:\/\/www.linkedin.com\/company\/gelt-international\/\"]}]}<\/script>\n<!-- \/ Yoast SEO plugin. -->","yoast_head_json":{"title":"Governance | Gelt International","robots":{"index":"index","follow":"follow","max-snippet":"max-snippet:-1","max-image-preview":"max-image-preview:large","max-video-preview":"max-video-preview:-1"},"canonical":"https:\/\/www.geltinternational.it\/index.php\/governance\/","og_locale":"it_IT","og_type":"article","og_title":"Governance | Gelt International","og_description":"VISION Siamo il segreto del successo dei nostri clienti. MISSION Siamo una societ\u00e0 che fornisce consulenza scientifica e supporto analitico specializzato ad aziende internazionali che operano su diversi mercati. LA nostra mission \u00e8 supportare i nostri clienti nello sviluppo produzione e distribuzione di prodotti innovativi, sicuri e responsabili. Crediamo nella forza della pluralit\u00e0 e della&hellip;","og_url":"https:\/\/www.geltinternational.it\/index.php\/governance\/","og_site_name":"Gelt International","article_modified_time":"2020-04-22T16:06:39+00:00","twitter_card":"summary_large_image","twitter_misc":{"Tempo di lettura stimato":"1 minuto"},"schema":{"@context":"https:\/\/schema.org","@graph":[{"@type":"WebPage","@id":"https:\/\/www.geltinternational.it\/index.php\/governance\/","url":"https:\/\/www.geltinternational.it\/index.php\/governance\/","name":"Governance | Gelt International","isPartOf":{"@id":"https:\/\/www.geltinternational.it\/#website"},"datePublished":"2017-10-18T14:26:36+00:00","dateModified":"2020-04-22T16:06:39+00:00","breadcrumb":{"@id":"https:\/\/www.geltinternational.it\/index.php\/governance\/#breadcrumb"},"inLanguage":"it-IT","potentialAction":[{"@type":"ReadAction","target":["https:\/\/www.geltinternational.it\/index.php\/governance\/"]}]},{"@type":"BreadcrumbList","@id":"https:\/\/www.geltinternational.it\/index.php\/governance\/#breadcrumb","itemListElement":[{"@type":"ListItem","position":1,"name":"Home","item":"https:\/\/www.geltinternational.it\/"},{"@type":"ListItem","position":2,"name":"Governance"}]},{"@type":"WebSite","@id":"https:\/\/www.geltinternational.it\/#website","url":"https:\/\/www.geltinternational.it\/","name":"Gelt International","description":"Scientific Consulting","publisher":{"@id":"https:\/\/www.geltinternational.it\/#organization"},"potentialAction":[{"@type":"SearchAction","target":{"@type":"EntryPoint","urlTemplate":"https:\/\/www.geltinternational.it\/?s={search_term_string}"},"query-input":"required name=search_term_string"}],"inLanguage":"it-IT"},{"@type":"Organization","@id":"https:\/\/www.geltinternational.it\/#organization","name":"Gelt International srl","url":"https:\/\/www.geltinternational.it\/","logo":{"@type":"ImageObject","inLanguage":"it-IT","@id":"https:\/\/www.geltinternational.it\/#\/schema\/logo\/image\/","url":"https:\/\/www.geltinternational.it\/wp-content\/uploads\/2017\/10\/logo_gelt.jpg","contentUrl":"https:\/\/www.geltinternational.it\/wp-content\/uploads\/2017\/10\/logo_gelt.jpg","width":600,"height":84,"caption":"Gelt International srl"},"image":{"@id":"https:\/\/www.geltinternational.it\/#\/schema\/logo\/image\/"},"sameAs":["https:\/\/www.linkedin.com\/company\/gelt-international\/"]}]}},"_links":{"self":[{"href":"https:\/\/www.geltinternational.it\/index.php\/wp-json\/wp\/v2\/pages\/1457"}],"collection":[{"href":"https:\/\/www.geltinternational.it\/index.php\/wp-json\/wp\/v2\/pages"}],"about":[{"href":"https:\/\/www.geltinternational.it\/index.php\/wp-json\/wp\/v2\/types\/page"}],"author":[{"embeddable":true,"href":"https:\/\/www.geltinternational.it\/index.php\/wp-json\/wp\/v2\/users\/1"}],"replies":[{"embeddable":true,"href":"https:\/\/www.geltinternational.it\/index.php\/wp-json\/wp\/v2\/comments?post=1457"}],"version-history":[{"count":1,"href":"https:\/\/www.geltinternational.it\/index.php\/wp-json\/wp\/v2\/pages\/1457\/revisions"}],"predecessor-version":[{"id":1459,"href":"https:\/\/www.geltinternational.it\/index.php\/wp-json\/wp\/v2\/pages\/1457\/revisions\/1459"}],"wp:attachment":[{"href":"https:\/\/www.geltinternational.it\/index.php\/wp-json\/wp\/v2\/media?parent=1457"}],"curies":[{"name":"wp","href":"https:\/\/api.w.org\/{rel}","templated":true}]}}